{"id":311,"date":"2026-02-05T17:41:53","date_gmt":"2026-02-05T16:41:53","guid":{"rendered":"https:\/\/clinicaelencanto.com\/?page_id=311"},"modified":"2026-02-27T15:24:31","modified_gmt":"2026-02-27T14:24:31","slug":"equipo-2","status":"publish","type":"page","link":"https:\/\/clinicaelencanto.com\/nl\/equipo-2\/","title":{"rendered":"Team"},"content":{"rendered":"<div data-elementor-type=\"wp-page\" data-elementor-id=\"311\" class=\"elementor elementor-311\">\n\t\t\t\t<div class=\"elementor-element elementor-element-ff6f08a e-flex e-con-boxed e-con e-parent\" data-id=\"ff6f08a\" data-element_type=\"container\" data-e-type=\"container\">\n\t\t\t\t\t<div class=\"e-con-inner\">\n\t\t\t\t<div class=\"elementor-element elementor-element-f31c885 elementor-widget__width-inherit elementor-widget elementor-widget-image\" data-id=\"f31c885\" data-element_type=\"widget\" data-e-type=\"widget\" data-widget_type=\"image.default\">\n\t\t\t\t\t\t\t\t\t\t\t\t\t\t\t<img fetchpriority=\"high\" decoding=\"async\" data-attachment-id=\"340\" data-permalink=\"https:\/\/clinicaelencanto.com\/nl\/equipo-2\/neus_horizontal\/\" data-orig-file=\"https:\/\/i0.wp.com\/clinicaelencanto.com\/wp-content\/uploads\/2026\/02\/neus_horizontal.jpg?fit=1200%2C700&amp;ssl=1\" data-orig-size=\"1200,700\" data-comments-opened=\"1\" data-image-meta=\"{&quot;aperture&quot;:&quot;0&quot;,&quot;credit&quot;:&quot;&quot;,&quot;camera&quot;:&quot;&quot;,&quot;caption&quot;:&quot;&quot;,&quot;created_timestamp&quot;:&quot;0&quot;,&quot;copyright&quot;:&quot;&quot;,&quot;focal_length&quot;:&quot;0&quot;,&quot;iso&quot;:&quot;0&quot;,&quot;shutter_speed&quot;:&quot;0&quot;,&quot;title&quot;:&quot;&quot;,&quot;orientation&quot;:&quot;1&quot;}\" data-image-title=\"neus_horizontal\" data-image-description=\"\" data-image-caption=\"\" data-large-file=\"https:\/\/i0.wp.com\/clinicaelencanto.com\/wp-content\/uploads\/2026\/02\/neus_horizontal.jpg?fit=1024%2C597&amp;ssl=1\" width=\"1200\" height=\"700\" src=\"https:\/\/i0.wp.com\/clinicaelencanto.com\/wp-content\/uploads\/2026\/02\/neus_horizontal.jpg?fit=1200%2C700&amp;ssl=1\" class=\"attachment-full size-full wp-image-340\" alt=\"Odont\u00f3loga integral de Cl\u00ednica El Encanto\" srcset=\"https:\/\/i0.wp.com\/clinicaelencanto.com\/wp-content\/uploads\/2026\/02\/neus_horizontal.jpg?w=1200&amp;ssl=1 1200w, https:\/\/i0.wp.com\/clinicaelencanto.com\/wp-content\/uploads\/2026\/02\/neus_horizontal.jpg?resize=300%2C175&amp;ssl=1 300w, https:\/\/i0.wp.com\/clinicaelencanto.com\/wp-content\/uploads\/2026\/02\/neus_horizontal.jpg?resize=1024%2C597&amp;ssl=1 1024w, https:\/\/i0.wp.com\/clinicaelencanto.com\/wp-content\/uploads\/2026\/02\/neus_horizontal.jpg?resize=768%2C448&amp;ssl=1 768w\" sizes=\"(max-width: 1000px) 100vw, 1000px\" \/>\t\t\t\t\t\t\t\t\t\t\t\t\t\t\t<\/div>\n\t\t\t\t<div class=\"elementor-element elementor-element-bdd09e0 elementor-widget elementor-widget-text-editor\" data-id=\"bdd09e0\" data-element_type=\"widget\" data-e-type=\"widget\" data-widget_type=\"text-editor.default\">\n\t\t\t\t\t\t\t\t\t<p>Dr. Neus Mart\u00ed<\/p>\t\t\t\t\t\t\t\t<\/div>\n\t\t\t\t<div class=\"elementor-element elementor-element-a953e74 elementor-widget elementor-widget-text-editor\" data-id=\"a953e74\" data-element_type=\"widget\" data-e-type=\"widget\" data-widget_type=\"text-editor.default\">\n\t\t\t\t\t\t\t\t\t<p class=\"p2\">Ruime klinische ervaring in preventieve en conservatieve tandheelkunde bij zowel kinderen als volwassenen. Specialist in parodontologie en esthetiek, occlusale rehabilitatie, chirurgie en implantologie.<\/p>\t\t\t\t\t\t\t\t<\/div>\n\t\t\t\t<div class=\"elementor-element elementor-element-59886f0 elementor-widget elementor-widget-text-editor\" data-id=\"59886f0\" data-element_type=\"widget\" data-e-type=\"widget\" data-widget_type=\"text-editor.default\">\n\t\t\t\t\t\t\t\t\t<ul>\n<li>Master in Kaakchirurgie, Implantologie en Parodontologie \u2013 IPAO (UDIMA), Madrid.<\/li>\n<li>Postdoctorale opleiding in parodontologie, Universidad Complutense, Madrid, SCOE, Barcelona.<\/li>\n<li>Specifieke opleiding in het behandelen van zacht weefsel (Periocentrum, Madrid).<\/li>\n<li>Postgrado en Cirug\u00eda Periodontal de Acceso y Regenerativa \u2013 Academia H\u00fcrzeler\/Zuhr, Alemania.<\/li>\n<li>Master in orthodontie, orthopedie en maxillofaciale chirurgie \u2013 Lissabon.<\/li>\n<li>Formaci\u00f3n en Odontolog\u00eda Funcional, V\u00eda a\u00e9rea y Planificaci\u00f3n Avanzada de Tratamientos \u2013 Bite Functional Dentistry, \u00c1msterdam.<\/li>\n<li>Postgrado Oclusi\u00f3n y Rehabilitaci\u00f3n Radboud UMC, Nijmegen.<\/li>\n<li>Postdoctorale opleiding in tandheelkundige esthetiek en minimaal invasieve orale rehabilitatie \u2013 Autr\u00e1n Dental Academy, Barcelona.<\/li>\n<li>Opleiding B.O.P.T. \u2013 IVIO, Gand\u00eda (mei 2024)<i><\/i><\/li>\n<li>Certificering in adhesieve rehabilitatie ACTA, Amsterdam.<\/li>\n<li>Certificering in prothetische rehabilitatie op implantaten, UIC, Barcelona.<\/li>\n<li>Certificering in adhesieve rehabilitatie, MB, Kiev.<\/li>\n<li>Cursus Kaakchirurgie \u2013 Universidad Federico Henr\u00edquez y Carvajal, Dominicaanse Republiek.<\/li>\n<li>Deelname aan congressen en wetenschappelijke bijeenkomsten in Spanje, Nederland, Portugal, Oekra\u00efne en de Dominicaanse Republiek.<\/li>\n<\/ul>\t\t\t\t\t\t\t\t<\/div>\n\t\t<div class=\"elementor-element elementor-element-9fbfdeb e-con-full e-flex e-con e-child\" data-id=\"9fbfdeb\" data-element_type=\"container\" data-e-type=\"container\">\n\t\t<div class=\"elementor-element elementor-element-3bdba13 e-con-full e-flex e-con e-child\" data-id=\"3bdba13\" data-element_type=\"container\" data-e-type=\"container\">\n\t\t\t\t<div class=\"elementor-element elementor-element-45872fa elementor-widget-mobile__width-inherit elementor-widget elementor-widget-image\" data-id=\"45872fa\" data-element_type=\"widget\" data-e-type=\"widget\" data-widget_type=\"image.default\">\n\t\t\t\t\t\t\t\t\t\t\t\t\t\t\t<img decoding=\"async\" data-attachment-id=\"344\" data-permalink=\"https:\/\/clinicaelencanto.com\/nl\/equipo-2\/isabel-2\/\" data-orig-file=\"https:\/\/i0.wp.com\/clinicaelencanto.com\/wp-content\/uploads\/2026\/02\/isabel-1.jpg?fit=1024%2C1021&amp;ssl=1\" data-orig-size=\"1024,1021\" data-comments-opened=\"1\" data-image-meta=\"{&quot;aperture&quot;:&quot;0&quot;,&quot;credit&quot;:&quot;&quot;,&quot;camera&quot;:&quot;&quot;,&quot;caption&quot;:&quot;&quot;,&quot;created_timestamp&quot;:&quot;0&quot;,&quot;copyright&quot;:&quot;&quot;,&quot;focal_length&quot;:&quot;0&quot;,&quot;iso&quot;:&quot;0&quot;,&quot;shutter_speed&quot;:&quot;0&quot;,&quot;title&quot;:&quot;&quot;,&quot;orientation&quot;:&quot;1&quot;}\" data-image-title=\"isabel\" data-image-description=\"\" data-image-caption=\"\" data-large-file=\"https:\/\/i0.wp.com\/clinicaelencanto.com\/wp-content\/uploads\/2026\/02\/isabel-1.jpg?fit=1024%2C1021&amp;ssl=1\" width=\"1024\" height=\"1021\" src=\"https:\/\/i0.wp.com\/clinicaelencanto.com\/wp-content\/uploads\/2026\/02\/isabel-1.jpg?fit=1024%2C1021&amp;ssl=1\" class=\"attachment-full size-full wp-image-344\" alt=\"Higienista y Auxiliar de Cl\u00ednica El Encanto\" srcset=\"https:\/\/i0.wp.com\/clinicaelencanto.com\/wp-content\/uploads\/2026\/02\/isabel-1.jpg?w=1024&amp;ssl=1 1024w, https:\/\/i0.wp.com\/clinicaelencanto.com\/wp-content\/uploads\/2026\/02\/isabel-1.jpg?resize=300%2C300&amp;ssl=1 300w, https:\/\/i0.wp.com\/clinicaelencanto.com\/wp-content\/uploads\/2026\/02\/isabel-1.jpg?resize=150%2C150&amp;ssl=1 150w, https:\/\/i0.wp.com\/clinicaelencanto.com\/wp-content\/uploads\/2026\/02\/isabel-1.jpg?resize=768%2C766&amp;ssl=1 768w\" sizes=\"(max-width: 1000px) 100vw, 1000px\" \/>\t\t\t\t\t\t\t\t\t\t\t\t\t\t\t<\/div>\n\t\t\t\t<div class=\"elementor-element elementor-element-5004c44 elementor-widget elementor-widget-text-editor\" data-id=\"5004c44\" data-element_type=\"widget\" data-e-type=\"widget\" data-widget_type=\"text-editor.default\">\n\t\t\t\t\t\t\t\t\t<p>Isabel<\/p>\t\t\t\t\t\t\t\t<\/div>\n\t\t\t\t<div class=\"elementor-element elementor-element-1b5a1e1 elementor-widget elementor-widget-text-editor\" data-id=\"1b5a1e1\" data-element_type=\"widget\" data-e-type=\"widget\" data-widget_type=\"text-editor.default\">\n\t\t\t\t\t\t\t\t\t<p class=\"p1\">Mondhygi\u00ebnist en klinisch assistent.<\/p>\t\t\t\t\t\t\t\t<\/div>\n\t\t\t\t<\/div>\n\t\t<div class=\"elementor-element elementor-element-81dae05 e-con-full e-flex e-con e-child\" data-id=\"81dae05\" data-element_type=\"container\" data-e-type=\"container\">\n\t\t\t\t<div class=\"elementor-element elementor-element-54f82e4 elementor-widget-mobile__width-inherit elementor-widget elementor-widget-image\" data-id=\"54f82e4\" data-element_type=\"widget\" data-e-type=\"widget\" data-widget_type=\"image.default\">\n\t\t\t\t\t\t\t\t\t\t\t\t\t\t\t<img decoding=\"async\" data-attachment-id=\"345\" data-permalink=\"https:\/\/clinicaelencanto.com\/nl\/equipo-2\/virginia-2\/\" data-orig-file=\"https:\/\/i0.wp.com\/clinicaelencanto.com\/wp-content\/uploads\/2026\/02\/virginia-1.jpg?fit=1024%2C1021&amp;ssl=1\" data-orig-size=\"1024,1021\" data-comments-opened=\"1\" data-image-meta=\"{&quot;aperture&quot;:&quot;0&quot;,&quot;credit&quot;:&quot;&quot;,&quot;camera&quot;:&quot;&quot;,&quot;caption&quot;:&quot;&quot;,&quot;created_timestamp&quot;:&quot;0&quot;,&quot;copyright&quot;:&quot;&quot;,&quot;focal_length&quot;:&quot;0&quot;,&quot;iso&quot;:&quot;0&quot;,&quot;shutter_speed&quot;:&quot;0&quot;,&quot;title&quot;:&quot;&quot;,&quot;orientation&quot;:&quot;1&quot;}\" data-image-title=\"virginia\" data-image-description=\"\" data-image-caption=\"\" data-large-file=\"https:\/\/i0.wp.com\/clinicaelencanto.com\/wp-content\/uploads\/2026\/02\/virginia-1.jpg?fit=1024%2C1021&amp;ssl=1\" width=\"1024\" height=\"1021\" src=\"https:\/\/i0.wp.com\/clinicaelencanto.com\/wp-content\/uploads\/2026\/02\/virginia-1.jpg?fit=1024%2C1021&amp;ssl=1\" class=\"attachment-full size-full wp-image-345\" alt=\"Ortodoncista exclusiva de Cl\u00ednica El Encanto\" srcset=\"https:\/\/i0.wp.com\/clinicaelencanto.com\/wp-content\/uploads\/2026\/02\/virginia-1.jpg?w=1024&amp;ssl=1 1024w, https:\/\/i0.wp.com\/clinicaelencanto.com\/wp-content\/uploads\/2026\/02\/virginia-1.jpg?resize=300%2C300&amp;ssl=1 300w, https:\/\/i0.wp.com\/clinicaelencanto.com\/wp-content\/uploads\/2026\/02\/virginia-1.jpg?resize=150%2C150&amp;ssl=1 150w, https:\/\/i0.wp.com\/clinicaelencanto.com\/wp-content\/uploads\/2026\/02\/virginia-1.jpg?resize=768%2C766&amp;ssl=1 768w\" sizes=\"(max-width: 1000px) 100vw, 1000px\" \/>\t\t\t\t\t\t\t\t\t\t\t\t\t\t\t<\/div>\n\t\t\t\t<div class=\"elementor-element elementor-element-9d000a9 elementor-widget elementor-widget-text-editor\" data-id=\"9d000a9\" data-element_type=\"widget\" data-e-type=\"widget\" data-widget_type=\"text-editor.default\">\n\t\t\t\t\t\t\t\t\t<p>Dr. Virginia Rodriguez<\/p>\t\t\t\t\t\t\t\t<\/div>\n\t\t\t\t<div class=\"elementor-element elementor-element-075075d elementor-widget elementor-widget-text-editor\" data-id=\"075075d\" data-element_type=\"widget\" data-e-type=\"widget\" data-widget_type=\"text-editor.default\">\n\t\t\t\t\t\t\t\t\t<p class=\"p1\">Exclusieve orthodontist<\/p>\t\t\t\t\t\t\t\t<\/div>\n\t\t\t\t<div class=\"elementor-element elementor-element-940f7a8 elementor-widget elementor-widget-text-editor\" data-id=\"940f7a8\" data-element_type=\"widget\" data-e-type=\"widget\" data-widget_type=\"text-editor.default\">\n\t\t\t\t\t\t\t\t\t<ul><li class=\"p2\"><div>Master in orthodontie en dentofaciale orthopedie, Universiteit van Oviedo.<\/div><\/li><li class=\"p2\"><div>Master in onzichtbare orthodontie met Invisalign- en Angel Aligner-systemen.<\/div><\/li><li class=\"p2\"><div>Officieel certificaat in incognito linguale orthodontie.<\/div><\/li><\/ul>\t\t\t\t\t\t\t\t<\/div>\n\t\t\t\t<\/div>\n\t\t\t\t<\/div>\n\t\t\t\t\t<\/div>\n\t\t\t\t<\/div>\n\t\t\t\t<\/div>","protected":false},"excerpt":{"rendered":"<p>Dra. Neus Mart\u00ed Amplia experiencia cl\u00ednica en odontolog\u00eda preventiva y conservadora tanto en ni\u00f1os como en adultos. Especialista en periodoncia y est\u00e9tica, rehabilitaci\u00f3n oclusal, cirug\u00eda e implantolog\u00eda. M\u00e1ster en Cirug\u00eda Oral, Implantolog\u00eda y Periodoncia \u2013 IPAO (UDIMA), Madrid. Postgrado en Periodoncia , Universidad Complutense, Madrid, SCOE, Barcelona. Formaci\u00f3n espec\u00edfica en manejo de tejidos blandos (Periocentrum, [&hellip;]<\/p>\n","protected":false},"author":273167891,"featured_media":0,"parent":0,"menu_order":0,"comment_status":"closed","ping_status":"closed","template":"elementor_theme","meta":{"_crdt_document":"","footnotes":""},"class_list":["post-311","page","type-page","status-publish","hentry"],"jetpack_likes_enabled":true,"jetpack_sharing_enabled":true,"jetpack_shortlink":"https:\/\/wp.me\/PgXyE6-51","jetpack-related-posts":[{"id":465,"url":"https:\/\/clinicaelencanto.com\/nl\/tratamientos\/","url_meta":{"origin":311,"position":0},"title":"Behandelingen","author":"Cristina Camaz\u00f3n","date":"12 de februari de 2026","format":false,"excerpt":"Radiodiagn\u00f3stico e Implantolog\u00eda AvanzadaContamos con tecnolog\u00eda digital de \u00faltima generaci\u00f3n (TAC dental, radiolog\u00eda y esc\u00e1ner intraoral) para obtener diagn\u00f3sticos precisos y planificar cada tratamiento con m\u00e1xima seguridad.Gracias a la implantolog\u00eda avanzada, sustituimos dientes perdidos mediante implantes biocompatibles y t\u00e9cnicas quir\u00fargicas de alta precisi\u00f3n, logrando una integraci\u00f3n estable y resultados est\u00e9ticos\u2026","rel":"","context":"Soortgelijk bericht","block_context":{"text":"Soortgelijk bericht","link":""},"img":{"alt_text":"Ni\u00f1a lav\u00e1ndose los dientes como buen h\u00e1bito de higiene","src":"https:\/\/i0.wp.com\/clinicaelencanto.com\/wp-content\/uploads\/2026\/02\/odontopediatria.jpg?resize=350%2C200&ssl=1","width":350,"height":200,"srcset":"https:\/\/i0.wp.com\/clinicaelencanto.com\/wp-content\/uploads\/2026\/02\/odontopediatria.jpg?resize=350%2C200&ssl=1 1x, https:\/\/i0.wp.com\/clinicaelencanto.com\/wp-content\/uploads\/2026\/02\/odontopediatria.jpg?resize=525%2C300&ssl=1 1.5x, https:\/\/i0.wp.com\/clinicaelencanto.com\/wp-content\/uploads\/2026\/02\/odontopediatria.jpg?resize=700%2C400&ssl=1 2x, https:\/\/i0.wp.com\/clinicaelencanto.com\/wp-content\/uploads\/2026\/02\/odontopediatria.jpg?resize=1050%2C600&ssl=1 3x"},"classes":[]}],"_links":{"self":[{"href":"https:\/\/clinicaelencanto.com\/nl\/wp-json\/wp\/v2\/pages\/311","targetHints":{"allow":["GET"]}}],"collection":[{"href":"https:\/\/clinicaelencanto.com\/nl\/wp-json\/wp\/v2\/pages"}],"about":[{"href":"https:\/\/clinicaelencanto.com\/nl\/wp-json\/wp\/v2\/types\/page"}],"author":[{"embeddable":true,"href":"https:\/\/clinicaelencanto.com\/nl\/wp-json\/wp\/v2\/users\/273167891"}],"replies":[{"embeddable":true,"href":"https:\/\/clinicaelencanto.com\/nl\/wp-json\/wp\/v2\/comments?post=311"}],"version-history":[{"count":100,"href":"https:\/\/clinicaelencanto.com\/nl\/wp-json\/wp\/v2\/pages\/311\/revisions"}],"predecessor-version":[{"id":944,"href":"https:\/\/clinicaelencanto.com\/nl\/wp-json\/wp\/v2\/pages\/311\/revisions\/944"}],"wp:attachment":[{"href":"https:\/\/clinicaelencanto.com\/nl\/wp-json\/wp\/v2\/media?parent=311"}],"curies":[{"name":"wp","href":"https:\/\/api.w.org\/{rel}","templated":true}]}}