{"id":588,"date":"2026-02-10T23:49:40","date_gmt":"2026-02-10T22:49:40","guid":{"rendered":"https:\/\/clinicaelencanto.com\/?page_id=588"},"modified":"2026-02-27T16:54:49","modified_gmt":"2026-02-27T15:54:49","slug":"politica-de-privacidad","status":"publish","type":"page","link":"https:\/\/clinicaelencanto.com\/nl\/politica-de-privacidad\/","title":{"rendered":"Privacybeleid"},"content":{"rendered":"<div data-elementor-type=\"wp-page\" data-elementor-id=\"588\" class=\"elementor elementor-588\">\n\t\t\t\t<div class=\"elementor-element elementor-element-55a9776e e-flex e-con-boxed e-con e-parent\" data-id=\"55a9776e\" data-element_type=\"container\" data-e-type=\"container\">\n\t\t\t\t\t<div class=\"e-con-inner\">\n\t\t\t\t<div class=\"elementor-element elementor-element-52edba58 elementor-widget elementor-widget-text-editor\" data-id=\"52edba58\" data-element_type=\"widget\" data-e-type=\"widget\" data-widget_type=\"text-editor.default\">\n\t\t\t\t\t\t\t\t\t\n<h1 class=\"wp-block-heading\"><strong>Privacybeleid \u2014 Cl\u00ednica El Encanto<\/strong><\/h1>\n\n<ol data-start=\"1166\" data-end=\"1412\">\n<li data-start=\"1166\" data-end=\"1341\">\n<p class=\"wp-block-paragraph\" data-start=\"1169\" data-end=\"1341\"><strong data-start=\"1169\" data-end=\"1200\">Verantwoordelijke voor de verwerking<\/strong><br data-start=\"1200\" data-end=\"1203\" \/>Clinica El Encanto (NIF 44866227N).<br data-start=\"1238\" data-end=\"1241\" \/>E-mail <a class=\"decorated-link cursor-pointer\" rel=\"noopener\" data-start=\"1249\" data-end=\"1275\">elencantoclinica@gmail.com<\/a><br data-start=\"1275\" data-end=\"1278\" \/>Adres:<\/p>\n<\/li>\n<li data-start=\"1343\" data-end=\"1412\">\n<p data-start=\"1346\" data-end=\"1412\"><strong data-start=\"1346\" data-end=\"1372\">Doel van de gegevens<\/strong><br data-start=\"1372\" data-end=\"1375\" \/>Persoonsgegevens worden verzameld om:<\/p>\n<\/li>\n<\/ol>\n<ul data-start=\"1413\" data-end=\"1532\">\n<li data-start=\"1413\" data-end=\"1442\">\n<p data-start=\"1415\" data-end=\"1442\">Afspraken en consulten te beheren.<\/p>\n<\/li>\n<li data-start=\"1443\" data-end=\"1481\">\n<p data-start=\"1445\" data-end=\"1481\">Verzoeken om informatie te beantwoorden.<\/p>\n<\/li>\n<li data-start=\"1482\" data-end=\"1532\">\n<p data-start=\"1484\" data-end=\"1532\">Door de gebruiker aangevraagde communicatie te verzenden.<\/p>\n<\/li>\n<\/ul>\n<ol start=\"3\" data-start=\"1534\" data-end=\"2102\">\n<li data-start=\"1534\" data-end=\"1627\">\n<p data-start=\"1537\" data-end=\"1627\"><strong data-start=\"1537\" data-end=\"1553\">Legitimatie<\/strong><br data-start=\"1553\" data-end=\"1556\" \/>Toestemming van de betrokkene en uitvoering van een overeenkomst of voorlopige overeenkomst.<\/p>\n<\/li>\n<li data-start=\"1629\" data-end=\"1778\">\n<p data-start=\"1632\" data-end=\"1778\"><strong data-start=\"1632\" data-end=\"1649\">Ontvangers<\/strong><br data-start=\"1649\" data-end=\"1652\" \/>Er worden geen gegevens aan derden verstrekt, tenzij dit wettelijk verplicht is of aan leveranciers die technische diensten verlenen (bijv. hostingbeheerder).<\/p>\n<\/li>\n<li data-start=\"1780\" data-end=\"1935\">\n<p data-start=\"1783\" data-end=\"1935\"><strong data-start=\"1783\" data-end=\"1807\">Rechten van de gebruiker<\/strong><br data-start=\"1807\" data-end=\"1810\" \/>U kunt uw gegevens inzien, corrigeren, verwijderen, beperken, betwisten en overdraagbaarheid aanvragen door een e-mail te sturen naar elencantoclinica@gmail.com. <a class=\"decorated-link cursor-pointer\" rel=\"noopener\" data-start=\"1908\" data-end=\"1934\">elencantoclinica@gmail.com<\/a>.<\/p>\n<\/li>\n<li data-start=\"1937\" data-end=\"2102\">\n<p data-start=\"1940\" data-end=\"2102\"><strong data-start=\"1940\" data-end=\"1965\">Bewaring van gegevens<\/strong><br data-start=\"1965\" data-end=\"1968\" \/>De gegevens worden bewaard gedurende de periode die nodig is om het doel waarvoor ze worden verzameld te verwezenlijken of volgens de wettelijke vereisten.<\/p>\n<\/li>\n<\/ol>\n\t\t\t\t\t\t\t\t<\/div>\n\t\t\t\t\t<\/div>\n\t\t\t\t<\/div>\n\t\t\t\t<\/div>","protected":false},"excerpt":{"rendered":"<p>Pol\u00edtica de privacidad \u2014 Cl\u00ednica El Encanto Responsable del tratamientoClinica El Encanto (NIF 44866227N).Correo: elencantoclinica@gmail.comDirecci\u00f3n: C\/ Nicol\u00e1s Rivero, 5, 33300 Villaviciosa (Asturias). Finalidad de los datosLos datos personales se recogen para: Gestionar citas y consultas Responder solicitudes de informaci\u00f3n Enviar comunicaciones solicitadas por el usuario Legitimaci\u00f3nConsentimiento del interesado y ejecuci\u00f3n de un contrato o precontrato. [&hellip;]<\/p>\n","protected":false},"author":273167891,"featured_media":0,"parent":0,"menu_order":0,"comment_status":"closed","ping_status":"closed","template":"","meta":{"_crdt_document":"","footnotes":""},"class_list":["post-588","page","type-page","status-publish","hentry"],"jetpack_likes_enabled":true,"jetpack_sharing_enabled":true,"jetpack_shortlink":"https:\/\/wp.me\/PgXyE6-9u","jetpack-related-posts":[{"id":590,"url":"https:\/\/clinicaelencanto.com\/nl\/politica-de-cookies\/","url_meta":{"origin":588,"position":0},"title":"Cookiebeleid","author":"Cristina Camaz\u00f3n","date":"10 de februari de 2026","format":false,"excerpt":"Pol\u00edtica de Cookies \u2014 Cl\u00ednica El Encanto \u00bfQu\u00e9 son las cookies? Las cookies son peque\u00f1os archivos enviados al navegador que permiten reconocer el dispositivo y almacenar informaci\u00f3n. \u00bfQu\u00e9 cookies utiliza este sitio? Este sitio utiliza: Cookies necesarias: imprescindibles para el funcionamiento b\u00e1sico Cookies de rendimiento y anal\u00edtica: para conocer el\u2026","rel":"","context":"Soortgelijk bericht","block_context":{"text":"Soortgelijk bericht","link":""},"img":{"alt_text":"","src":"","width":0,"height":0},"classes":[]},{"id":736,"url":"https:\/\/clinicaelencanto.com\/nl\/","url_meta":{"origin":588,"position":1},"title":"Home","author":"Cristina Camaz\u00f3n","date":"13 de februari de 2026","format":false,"excerpt":"","rel":"","context":"Soortgelijk bericht","block_context":{"text":"Soortgelijk bericht","link":""},"img":{"alt_text":"","src":"","width":0,"height":0},"classes":[]},{"id":272,"url":"https:\/\/clinicaelencanto.com\/nl\/contacto1\/","url_meta":{"origin":588,"position":2},"title":"Contacto1","author":"Cristina Camaz\u00f3n","date":"5 de februari de 2026","format":false,"excerpt":"","rel":"","context":"Soortgelijk bericht","block_context":{"text":"Soortgelijk bericht","link":""},"img":{"alt_text":"","src":"","width":0,"height":0},"classes":[]},{"id":1,"url":"https:\/\/clinicaelencanto.com\/nl\/nuestra-clinica\/","url_meta":{"origin":588,"position":3},"title":"Onze kliniek","author":"Cristina Camaz\u00f3n","date":"1 de december de 2025","format":false,"excerpt":"\u00bfPor qu\u00e9 elegirnos? En nuestra cl\u00ednica El Encanto, aplicamos una odontolog\u00eda biol\u00f3gica con un enfoque integral y personalizado, ponemos a su alcance las \u00faltimas tecnolog\u00edas y los conocimientos desarrollados en un trayecto acad\u00e9mico de m\u00e1s de 15 a\u00f1os de experiencia. Entendemos la salud oral como una parte esencial del bienestar\u2026","rel":"","context":"Soortgelijk bericht","block_context":{"text":"Soortgelijk bericht","link":""},"img":{"alt_text":"","src":"","width":0,"height":0},"classes":[]}],"_links":{"self":[{"href":"https:\/\/clinicaelencanto.com\/nl\/wp-json\/wp\/v2\/pages\/588","targetHints":{"allow":["GET"]}}],"collection":[{"href":"https:\/\/clinicaelencanto.com\/nl\/wp-json\/wp\/v2\/pages"}],"about":[{"href":"https:\/\/clinicaelencanto.com\/nl\/wp-json\/wp\/v2\/types\/page"}],"author":[{"embeddable":true,"href":"https:\/\/clinicaelencanto.com\/nl\/wp-json\/wp\/v2\/users\/273167891"}],"replies":[{"embeddable":true,"href":"https:\/\/clinicaelencanto.com\/nl\/wp-json\/wp\/v2\/comments?post=588"}],"version-history":[{"count":5,"href":"https:\/\/clinicaelencanto.com\/nl\/wp-json\/wp\/v2\/pages\/588\/revisions"}],"predecessor-version":[{"id":952,"href":"https:\/\/clinicaelencanto.com\/nl\/wp-json\/wp\/v2\/pages\/588\/revisions\/952"}],"wp:attachment":[{"href":"https:\/\/clinicaelencanto.com\/nl\/wp-json\/wp\/v2\/media?parent=588"}],"curies":[{"name":"wp","href":"https:\/\/api.w.org\/{rel}","templated":true}]}}