{"id":605,"date":"2026-02-11T23:10:27","date_gmt":"2026-02-11T22:10:27","guid":{"rendered":"https:\/\/clinicaelencanto.com\/?page_id=605"},"modified":"2026-02-27T16:47:25","modified_gmt":"2026-02-27T15:47:25","slug":"aviso-legal","status":"publish","type":"page","link":"https:\/\/clinicaelencanto.com\/nl\/aviso-legal\/","title":{"rendered":"Wettelijke Kennisgeving"},"content":{"rendered":"<div data-elementor-type=\"wp-page\" data-elementor-id=\"605\" class=\"elementor elementor-605\">\n\t\t\t\t<div class=\"elementor-element elementor-element-3f1ccae e-flex e-con-boxed e-con e-parent\" data-id=\"3f1ccae\" data-element_type=\"container\" data-e-type=\"container\">\n\t\t\t\t\t<div class=\"e-con-inner\">\n\t\t\t\t<div class=\"elementor-element elementor-element-3b7a7d8b elementor-widget elementor-widget-text-editor\" data-id=\"3b7a7d8b\" data-element_type=\"widget\" data-e-type=\"widget\" data-widget_type=\"text-editor.default\">\n\t\t\t\t\t\t\t\t\t\n<h1 class=\"wp-block-heading\"><strong>Juridische mededeling<\/strong><\/h1>\n\n<p class=\"wp-block-paragraph\" data-start=\"374\" data-end=\"523\">In overeenstemming met Wet 34\/2002 inzake diensten van de informatiemaatschappij en elektronische handel (LSSI-CE) worden de volgende gegevens verstrekt:<\/p>\n<ul data-start=\"525\" data-end=\"812\">\n<li data-start=\"525\" data-end=\"574\">\n<p data-start=\"527\" data-end=\"574\"><strong data-start=\"527\" data-end=\"553\">Eigenaar van de website:<\/strong> Cl\u00ednica El Encanto<\/p>\n<\/li>\n<li data-start=\"575\" data-end=\"626\">\n<p data-start=\"577\" data-end=\"626\"><strong data-start=\"577\" data-end=\"593\">Verantwoordelijke:<\/strong> M\u00aa de les Neus Mart\u00ed del Cerro<\/p>\n<\/li>\n<li data-start=\"627\" data-end=\"649\">\n<p data-start=\"629\" data-end=\"649\"><strong data-start=\"629\" data-end=\"637\">Fiscaal identificatienummer:<\/strong> 44866227N<\/p>\n<\/li>\n<li data-start=\"650\" data-end=\"728\">\n<p data-start=\"652\" data-end=\"728\"><strong data-start=\"652\" data-end=\"666\">Adres:<\/strong> C\/ Nicol\u00e1s Rivero, 5, 33300 Villaviciosa (Asturias), Espa\u00f1a<\/p>\n<\/li>\n<li data-start=\"729\" data-end=\"783\">\n<p data-start=\"731\" data-end=\"783\"><strong data-start=\"731\" data-end=\"754\">E-mail<\/strong> <a class=\"decorated-link cursor-pointer\" rel=\"noopener\" data-start=\"755\" data-end=\"781\">elencantoclinica@gmail.com<\/a><\/p>\n<\/li>\n<li data-start=\"784\" data-end=\"812\">\n<p data-start=\"786\" data-end=\"812\"><strong data-start=\"786\" data-end=\"799\">Telefoon:<\/strong> 984 99 67 13<\/p>\n<\/li>\n<\/ul>\n<p data-start=\"814\" data-end=\"1050\">Door deze website te bezoeken en te gebruiken, wordt u gebruiker en gaat u akkoord met de hier vermelde voorwaarden.<br data-start=\"919\" data-end=\"922\" \/>Deze website heeft tot doel informatie te verstrekken over tandheelkundige diensten en contact met de kliniek te vergemakkelijken.<\/p>\n\t\t\t\t\t\t\t\t<\/div>\n\t\t\t\t\t<\/div>\n\t\t\t\t<\/div>\n\t\t\t\t<\/div>","protected":false},"excerpt":{"rendered":"","protected":false},"author":273167891,"featured_media":0,"parent":0,"menu_order":0,"comment_status":"closed","ping_status":"closed","template":"","meta":{"_crdt_document":"","footnotes":""},"class_list":["post-605","page","type-page","status-publish","hentry"],"jetpack_likes_enabled":true,"jetpack_sharing_enabled":true,"jetpack_shortlink":"https:\/\/wp.me\/PgXyE6-9L","jetpack-related-posts":[{"id":588,"url":"https:\/\/clinicaelencanto.com\/nl\/politica-de-privacidad\/","url_meta":{"origin":605,"position":0},"title":"Privacybeleid","author":"Cristina Camaz\u00f3n","date":"10 de februari de 2026","format":false,"excerpt":"Pol\u00edtica de privacidad \u2014 Cl\u00ednica El Encanto Responsable del tratamientoClinica El Encanto (NIF 44866227N).Correo: elencantoclinica@gmail.comDirecci\u00f3n: C\/ Nicol\u00e1s Rivero, 5, 33300 Villaviciosa (Asturias). Finalidad de los datosLos datos personales se recogen para: Gestionar citas y consultas Responder solicitudes de informaci\u00f3n Enviar comunicaciones solicitadas por el usuario Legitimaci\u00f3nConsentimiento del interesado y ejecuci\u00f3n\u2026","rel":"","context":"Soortgelijk bericht","block_context":{"text":"Soortgelijk bericht","link":""},"img":{"alt_text":"","src":"","width":0,"height":0},"classes":[]}],"_links":{"self":[{"href":"https:\/\/clinicaelencanto.com\/nl\/wp-json\/wp\/v2\/pages\/605","targetHints":{"allow":["GET"]}}],"collection":[{"href":"https:\/\/clinicaelencanto.com\/nl\/wp-json\/wp\/v2\/pages"}],"about":[{"href":"https:\/\/clinicaelencanto.com\/nl\/wp-json\/wp\/v2\/types\/page"}],"author":[{"embeddable":true,"href":"https:\/\/clinicaelencanto.com\/nl\/wp-json\/wp\/v2\/users\/273167891"}],"replies":[{"embeddable":true,"href":"https:\/\/clinicaelencanto.com\/nl\/wp-json\/wp\/v2\/comments?post=605"}],"version-history":[{"count":5,"href":"https:\/\/clinicaelencanto.com\/nl\/wp-json\/wp\/v2\/pages\/605\/revisions"}],"predecessor-version":[{"id":949,"href":"https:\/\/clinicaelencanto.com\/nl\/wp-json\/wp\/v2\/pages\/605\/revisions\/949"}],"wp:attachment":[{"href":"https:\/\/clinicaelencanto.com\/nl\/wp-json\/wp\/v2\/media?parent=605"}],"curies":[{"name":"wp","href":"https:\/\/api.w.org\/{rel}","templated":true}]}}